{"id":26,"date":"2023-06-07T16:06:14","date_gmt":"2023-06-07T14:06:14","guid":{"rendered":"http:\/\/ivoire-rse.com\/?page_id=26"},"modified":"2023-06-07T16:10:27","modified_gmt":"2023-06-07T14:10:27","slug":"actualite","status":"publish","type":"page","link":"https:\/\/ivoire-rse.com\/index.php\/actualite\/","title":{"rendered":"Actualit\u00e9"},"content":{"rendered":"\n<div class=\"wp-block-group\"><div class=\"wp-block-group__inner-container is-layout-constrained wp-block-group-is-layout-constrained\">\n<div class=\"wp-block-query is-layout-flow wp-block-query-is-layout-flow\"><ul class=\"aligncenter wp-block-post-template is-layout-flow wp-block-post-template-is-layout-flow\"><li class=\"wp-block-post post-36 post type-post status-publish format-standard has-post-thumbnail hentry category-actualite\">\n\n<div class=\"wp-block-columns alignwide is-layout-flex wp-container-core-columns-is-layout-9d6595d7 wp-block-columns-is-layout-flex\">\n<div class=\"wp-block-column is-layout-flow wp-block-column-is-layout-flow\" style=\"flex-basis:66.66%\"><figure class=\"wp-block-post-featured-image\"><a href=\"https:\/\/ivoire-rse.com\/index.php\/2023\/06\/07\/prolongation-de-lappel-a-projets-la-francophonie-avec-elles\/\" target=\"_self\"  ><img loading=\"lazy\" decoding=\"async\" width=\"580\" height=\"580\" src=\"https:\/\/ivoire-rse.com\/wp-content\/uploads\/2023\/06\/Photo-Prolongation-de-lappel-a-projets-la-Francophonie-avec-Elles-.jpeg\" class=\"attachment-post-thumbnail size-post-thumbnail wp-post-image\" alt=\"Prolongation de l\u2019appel \u00e0 projets \u00ab\u00a0la Francophonie avec Elles\u00a0\u00bb\" style=\"object-fit:cover;\" srcset=\"https:\/\/ivoire-rse.com\/wp-content\/uploads\/2023\/06\/Photo-Prolongation-de-lappel-a-projets-la-Francophonie-avec-Elles-.jpeg 580w, https:\/\/ivoire-rse.com\/wp-content\/uploads\/2023\/06\/Photo-Prolongation-de-lappel-a-projets-la-Francophonie-avec-Elles--300x300.jpeg 300w, https:\/\/ivoire-rse.com\/wp-content\/uploads\/2023\/06\/Photo-Prolongation-de-lappel-a-projets-la-Francophonie-avec-Elles--150x150.jpeg 150w\" sizes=\"auto, (max-width: 580px) 100vw, 580px\" \/><\/a><\/figure><\/div>\n\n\n\n<div class=\"wp-block-column is-layout-flow wp-block-column-is-layout-flow\" style=\"flex-basis:33.33%\"><h2 class=\"wp-block-post-title\"><a href=\"https:\/\/ivoire-rse.com\/index.php\/2023\/06\/07\/prolongation-de-lappel-a-projets-la-francophonie-avec-elles\/\" target=\"_self\" >Prolongation de l\u2019appel \u00e0 projets \u00ab\u00a0la Francophonie avec Elles\u00a0\u00bb<\/a><\/h2>\n\n<div class=\"wp-block-post-excerpt\"><p class=\"wp-block-post-excerpt__excerpt\">La date limite pour la r\u00e9ception des candidatures de la 4e \u00e9dition du Fonds \u00ab\u00a0la Francophonie avec Elles\u00a0\u00bb a \u00e9t\u00e9 prolong\u00e9e d\u2019un mois. En effet, les organisations int\u00e9ress\u00e9es ont jusqu\u2019au 21 juin 2023 mois pour soumettre leur projet.Pour rappel, le Fonds \u00ab la Francophonie avec Elles \u00bb vise \u00e0 renforcer l\u2019autonomisation \u00e9conomique des femmes, en\u2026 <\/p><\/div><\/div>\n<\/div>\n\n<\/li><li class=\"wp-block-post post-40 post type-post status-publish format-standard has-post-thumbnail hentry category-actualite\">\n\n<div class=\"wp-block-columns alignwide is-layout-flex wp-container-core-columns-is-layout-9d6595d7 wp-block-columns-is-layout-flex\">\n<div class=\"wp-block-column is-layout-flow wp-block-column-is-layout-flow\" style=\"flex-basis:66.66%\"><figure class=\"wp-block-post-featured-image\"><a href=\"https:\/\/ivoire-rse.com\/index.php\/2023\/06\/07\/lintelligence-artificielle-et-le-necessaire-virage\/\" target=\"_self\"  ><img loading=\"lazy\" decoding=\"async\" width=\"600\" height=\"400\" src=\"https:\/\/ivoire-rse.com\/wp-content\/uploads\/2023\/06\/Photo-Intelligence-Artificielle.jpg\" class=\"attachment-post-thumbnail size-post-thumbnail wp-post-image\" alt=\"L\u2019intelligence artificielle et le n\u00e9cessaire virage\" style=\"object-fit:cover;\" srcset=\"https:\/\/ivoire-rse.com\/wp-content\/uploads\/2023\/06\/Photo-Intelligence-Artificielle.jpg 600w, https:\/\/ivoire-rse.com\/wp-content\/uploads\/2023\/06\/Photo-Intelligence-Artificielle-300x200.jpg 300w\" sizes=\"auto, (max-width: 600px) 100vw, 600px\" \/><\/a><\/figure><\/div>\n\n\n\n<div class=\"wp-block-column is-layout-flow wp-block-column-is-layout-flow\" style=\"flex-basis:33.33%\"><h2 class=\"wp-block-post-title\"><a href=\"https:\/\/ivoire-rse.com\/index.php\/2023\/06\/07\/lintelligence-artificielle-et-le-necessaire-virage\/\" target=\"_self\" >L\u2019intelligence artificielle et le n\u00e9cessaire virage<\/a><\/h2>\n\n<div class=\"wp-block-post-excerpt\"><p class=\"wp-block-post-excerpt__excerpt\">Innovation de rupture appel\u00e9e \u00e0 impacter tous les secteurs d\u2019activit\u00e9\u0301, l\u2019intelligence artificielle (IA) est en train de bouleverser le monde avec ses impressionnantes performances. ChatGPT et ses rivaux font office de menace r\u00e9elle pour les humains qui devront faire face \u00e0 de redoutables concurrents et d\u00e9montrer en permanence leur valeur ajout\u00e9e. Selon Goldman Sachs, le\u2026 <\/p><\/div><\/div>\n<\/div>\n\n<\/li><li class=\"wp-block-post post-57 post type-post status-publish format-standard has-post-thumbnail hentry category-actualite\">\n\n<div class=\"wp-block-columns alignwide is-layout-flex wp-container-core-columns-is-layout-9d6595d7 wp-block-columns-is-layout-flex\">\n<div class=\"wp-block-column is-layout-flow wp-block-column-is-layout-flow\" style=\"flex-basis:66.66%\"><figure class=\"wp-block-post-featured-image\"><a href=\"https:\/\/ivoire-rse.com\/index.php\/2023\/06\/12\/6eme-edition-du-prix-bjkd-2023-date-limite-en-approche-pour-les-soumissions-des-candidatures\/\" target=\"_self\"  ><img loading=\"lazy\" decoding=\"async\" width=\"524\" height=\"524\" src=\"https:\/\/ivoire-rse.com\/wp-content\/uploads\/2023\/06\/Photo-PRIX-BJKD-DU-JEUNE-ENTREPRENEUR-AFRICAIN-2023.jpg\" class=\"attachment-post-thumbnail size-post-thumbnail wp-post-image\" alt=\"6\u00e8me \u00e9dition du Prix BJKD 2023 : date limite en approche pour les soumissions des candidatures\" style=\"object-fit:cover;\" srcset=\"https:\/\/ivoire-rse.com\/wp-content\/uploads\/2023\/06\/Photo-PRIX-BJKD-DU-JEUNE-ENTREPRENEUR-AFRICAIN-2023.jpg 524w, https:\/\/ivoire-rse.com\/wp-content\/uploads\/2023\/06\/Photo-PRIX-BJKD-DU-JEUNE-ENTREPRENEUR-AFRICAIN-2023-300x300.jpg 300w, https:\/\/ivoire-rse.com\/wp-content\/uploads\/2023\/06\/Photo-PRIX-BJKD-DU-JEUNE-ENTREPRENEUR-AFRICAIN-2023-150x150.jpg 150w\" sizes=\"auto, (max-width: 524px) 100vw, 524px\" \/><\/a><\/figure><\/div>\n\n\n\n<div class=\"wp-block-column is-layout-flow wp-block-column-is-layout-flow\" style=\"flex-basis:33.33%\"><h2 class=\"wp-block-post-title\"><a href=\"https:\/\/ivoire-rse.com\/index.php\/2023\/06\/12\/6eme-edition-du-prix-bjkd-2023-date-limite-en-approche-pour-les-soumissions-des-candidatures\/\" target=\"_self\" >6\u00e8me \u00e9dition du Prix BJKD 2023 : date limite en approche pour les soumissions des candidatures<\/a><\/h2>\n\n<div class=\"wp-block-post-excerpt\"><p class=\"wp-block-post-excerpt__excerpt\">Initi\u00e9 par la Fondation BJKD (B\u00e9n\u00e9dicte Janine Kacou Diagou), le Prix BJKD pour l\u2019entrepreneuriat jeunes r\u00e9compense, apr\u00e8s s\u00e9lection par voie de concours, les meilleures entreprises pr\u00e9sent\u00e9es par de jeunes entrepreneurs. Il a pour vocation d\u2019accompagner les entrepreneurs soucieux d\u2019am\u00e9liorer leur capacit\u00e9 de production. Pour rappel, les conditions d\u2019\u00e9ligibilit\u00e9 de ce prix sont les suivantes&nbsp;: La\u2026 <\/p><\/div><\/div>\n<\/div>\n\n<\/li><\/ul><\/div>\n<\/div><\/div>\n","protected":false},"excerpt":{"rendered":"","protected":false},"author":1,"featured_media":0,"parent":0,"menu_order":0,"comment_status":"closed","ping_status":"closed","template":"","meta":{"_monsterinsights_skip_tracking":false,"_monsterinsights_sitenote_active":false,"_monsterinsights_sitenote_note":"","_monsterinsights_sitenote_category":0,"_uf_show_specific_survey":0,"_uf_disable_surveys":false,"footnotes":""},"class_list":["post-26","page","type-page","status-publish","hentry"],"aioseo_notices":[],"_links":{"self":[{"href":"https:\/\/ivoire-rse.com\/index.php\/wp-json\/wp\/v2\/pages\/26","targetHints":{"allow":["GET"]}}],"collection":[{"href":"https:\/\/ivoire-rse.com\/index.php\/wp-json\/wp\/v2\/pages"}],"about":[{"href":"https:\/\/ivoire-rse.com\/index.php\/wp-json\/wp\/v2\/types\/page"}],"author":[{"embeddable":true,"href":"https:\/\/ivoire-rse.com\/index.php\/wp-json\/wp\/v2\/users\/1"}],"replies":[{"embeddable":true,"href":"https:\/\/ivoire-rse.com\/index.php\/wp-json\/wp\/v2\/comments?post=26"}],"version-history":[{"count":2,"href":"https:\/\/ivoire-rse.com\/index.php\/wp-json\/wp\/v2\/pages\/26\/revisions"}],"predecessor-version":[{"id":29,"href":"https:\/\/ivoire-rse.com\/index.php\/wp-json\/wp\/v2\/pages\/26\/revisions\/29"}],"wp:attachment":[{"href":"https:\/\/ivoire-rse.com\/index.php\/wp-json\/wp\/v2\/media?parent=26"}],"curies":[{"name":"wp","href":"https:\/\/api.w.org\/{rel}","templated":true}]}}